{"id":175,"date":"2023-03-22T08:29:31","date_gmt":"2023-03-22T08:29:31","guid":{"rendered":"https:\/\/sitoweb.biz\/microalgaex.com\/?page_id=175"},"modified":"2024-02-26T10:55:32","modified_gmt":"2024-02-26T10:55:32","slug":"contact","status":"publish","type":"page","link":"https:\/\/microalgaex.com\/tr\/contact\/","title":{"rendered":"\u0130leti\u015fim"},"content":{"rendered":"<div data-elementor-type=\"wp-page\" data-elementor-id=\"175\" class=\"elementor elementor-175\">\n\t\t\t\t\t\t<section class=\"elementor-section elementor-top-section elementor-element elementor-element-3cbbe05f elementor-section-boxed elementor-section-height-default elementor-section-height-default\" data-id=\"3cbbe05f\" data-element_type=\"section\">\n\t\t\t\t\t\t<div class=\"elementor-container elementor-column-gap-default\">\n\t\t\t\t\t<div class=\"elementor-column elementor-col-50 elementor-top-column elementor-element elementor-element-1867e658\" data-id=\"1867e658\" data-element_type=\"column\">\n\t\t\t<div class=\"elementor-widget-wrap elementor-element-populated\">\n\t\t\t\t\t\t<div class=\"elementor-element elementor-element-204dc5ea elementor-widget elementor-widget-heading\" data-id=\"204dc5ea\" data-element_type=\"widget\" data-widget_type=\"heading.default\">\n\t\t\t\t<div class=\"elementor-widget-container\">\n\t\t\t<h1 class=\"elementor-heading-title elementor-size-default\">\u0130leti\u015fim<\/h1>\t\t<\/div>\n\t\t\t\t<\/div>\n\t\t\t\t<div class=\"elementor-element elementor-element-1984691d elementor-widget elementor-widget-text-editor\" data-id=\"1984691d\" data-element_type=\"widget\" data-widget_type=\"text-editor.default\">\n\t\t\t\t<div class=\"elementor-widget-container\">\n\t\t\t\t\t\t\t<p>Sizinle ba\u011flant\u0131 kurmay\u0131 ve s\u00fcrd\u00fcr\u00fclebilir bir gelecek yaratmak i\u00e7in birlikte \u00e7al\u0131\u015fmay\u0131 d\u00f6rt g\u00f6zle bekliyoruz. MicroAlgaeX'te, i\u015fbirli\u011finin gezegenimizin potansiyelini ortaya \u00e7\u0131karman\u0131n anahtar\u0131 oldu\u011funa inan\u0131yoruz ve benzer d\u00fc\u015f\u00fcnen bireyler ve kurulu\u015flarla yeni ortakl\u0131klar, yenilik\u00e7i fikirler ve son teknoloji \u00e7\u00f6z\u00fcmler ke\u015ffetmeye istekliyiz.<\/p>\t\t\t\t\t\t<\/div>\n\t\t\t\t<\/div>\n\t\t\t\t\t<\/div>\n\t\t<\/div>\n\t\t\t\t<div class=\"elementor-column elementor-col-50 elementor-top-column elementor-element elementor-element-9ebc1b2\" data-id=\"9ebc1b2\" data-element_type=\"column\">\n\t\t\t<div class=\"elementor-widget-wrap elementor-element-populated\">\n\t\t\t\t\t\t<div class=\"elementor-element elementor-element-75880234 elementor-widget elementor-widget-image\" data-id=\"75880234\" data-element_type=\"widget\" data-settings=\"{&quot;motion_fx_motion_fx_scrolling&quot;:&quot;yes&quot;,&quot;motion_fx_rotateZ_effect&quot;:&quot;yes&quot;,&quot;motion_fx_rotateZ_speed&quot;:{&quot;unit&quot;:&quot;px&quot;,&quot;size&quot;:1,&quot;sizes&quot;:[]},&quot;motion_fx_rotateZ_affectedRange&quot;:{&quot;unit&quot;:&quot;%&quot;,&quot;size&quot;:&quot;&quot;,&quot;sizes&quot;:{&quot;start&quot;:0,&quot;end&quot;:100}},&quot;motion_fx_devices&quot;:[&quot;desktop&quot;,&quot;tablet&quot;,&quot;mobile&quot;]}\" data-widget_type=\"image.default\">\n\t\t\t\t<div class=\"elementor-widget-container\">\n\t\t\t\t\t\t\t\t\t\t\t\t\t<img fetchpriority=\"high\" decoding=\"async\" width=\"800\" height=\"536\" src=\"https:\/\/microalgaex.com\/wp-content\/uploads\/2023\/03\/microalgae.png\" class=\"attachment-large size-large wp-image-95\" alt=\"\" srcset=\"https:\/\/microalgaex.com\/wp-content\/uploads\/2023\/03\/microalgae.png 1000w, https:\/\/microalgaex.com\/wp-content\/uploads\/2023\/03\/microalgae-300x201.png 300w, https:\/\/microalgaex.com\/wp-content\/uploads\/2023\/03\/microalgae-768x515.png 768w\" sizes=\"(max-width: 800px) 100vw, 800px\" \/>\t\t\t\t\t\t\t\t\t\t\t\t\t<\/div>\n\t\t\t\t<\/div>\n\t\t\t\t\t<\/div>\n\t\t<\/div>\n\t\t\t\t\t<\/div>\n\t\t<\/section>\n\t\t\t\t<section class=\"elementor-section elementor-top-section elementor-element elementor-element-1d0558d0 elementor-section-boxed elementor-section-height-default elementor-section-height-default\" data-id=\"1d0558d0\" data-element_type=\"section\" data-settings=\"{&quot;background_background&quot;:&quot;classic&quot;}\">\n\t\t\t\t\t\t<div class=\"elementor-container elementor-column-gap-default\">\n\t\t\t\t\t<div class=\"elementor-column elementor-col-100 elementor-top-column elementor-element elementor-element-5d5eb2f4\" data-id=\"5d5eb2f4\" data-element_type=\"column\" data-settings=\"{&quot;background_background&quot;:&quot;classic&quot;}\">\n\t\t\t<div class=\"elementor-widget-wrap elementor-element-populated\">\n\t\t\t\t\t<div class=\"elementor-background-overlay\"><\/div>\n\t\t\t\t\t\t<section class=\"elementor-section elementor-inner-section elementor-element elementor-element-7ea46377 elementor-section-boxed elementor-section-height-default elementor-section-height-default\" data-id=\"7ea46377\" data-element_type=\"section\">\n\t\t\t\t\t\t<div class=\"elementor-container elementor-column-gap-default\">\n\t\t\t\t\t<div class=\"elementor-column elementor-col-50 elementor-inner-column elementor-element elementor-element-1f9eb0f0\" data-id=\"1f9eb0f0\" data-element_type=\"column\">\n\t\t\t<div class=\"elementor-widget-wrap elementor-element-populated\">\n\t\t\t\t\t\t<div class=\"elementor-element elementor-element-2fdc521f elementor-widget elementor-widget-heading\" data-id=\"2fdc521f\" data-element_type=\"widget\" data-widget_type=\"heading.default\">\n\t\t\t\t<div class=\"elementor-widget-container\">\n\t\t\t<h5 class=\"elementor-heading-title elementor-size-default\">Bize Ula\u015f\u0131n<\/h5>\t\t<\/div>\n\t\t\t\t<\/div>\n\t\t\t\t<div class=\"elementor-element elementor-element-3a4a1887 elementor-widget elementor-widget-heading\" data-id=\"3a4a1887\" data-element_type=\"widget\" data-widget_type=\"heading.default\">\n\t\t\t\t<div class=\"elementor-widget-container\">\n\t\t\t<h2 class=\"elementor-heading-title elementor-size-default\">\u0130leti\u015fime ge\u00e7in<\/h2>\t\t<\/div>\n\t\t\t\t<\/div>\n\t\t\t\t<div class=\"elementor-element elementor-element-42d748a4 elementor-widget elementor-widget-text-editor\" data-id=\"42d748a4\" data-element_type=\"widget\" data-widget_type=\"text-editor.default\">\n\t\t\t\t<div class=\"elementor-widget-container\">\n\t\t\t\t\t\t\t<p>MicroAlgaeX olarak her zaman sizden haber almak i\u00e7in can at\u0131yoruz. Sorular\u0131n\u0131z, \u00f6nerileriniz veya geri bildirimleriniz varsa, ekibimiz size yard\u0131mc\u0131 olmak i\u00e7in burada. \u0130leti\u015fim formunu kullanarak veya verilen ileti\u015fim bilgileri arac\u0131l\u0131\u011f\u0131yla bize kolayca ula\u015fabilirsiniz.\u00a0<\/p><p>Size en k\u0131sa s\u00fcrede geri d\u00f6nece\u011fimizden emin olabilirsiniz.<\/p>\t\t\t\t\t\t<\/div>\n\t\t\t\t<\/div>\n\t\t\t\t<div class=\"elementor-element elementor-element-d8ed118 elementor-button-align-stretch elementor-widget elementor-widget-form\" data-id=\"d8ed118\" data-element_type=\"widget\" data-settings=\"{&quot;step_next_label&quot;:&quot;Next&quot;,&quot;step_previous_label&quot;:&quot;Previous&quot;,&quot;button_width&quot;:&quot;100&quot;,&quot;step_type&quot;:&quot;number_text&quot;,&quot;step_icon_shape&quot;:&quot;circle&quot;}\" data-widget_type=\"form.default\">\n\t\t\t\t<div class=\"elementor-widget-container\">\n\t\t\t\t\t<form class=\"elementor-form\" method=\"post\" name=\"New Form\" action=\"\">\n\t\t\t<input type=\"hidden\" name=\"post_id\" value=\"175\"\/>\n\t\t\t<input type=\"hidden\" name=\"form_id\" value=\"d8ed118\"\/>\n\t\t\t<input type=\"hidden\" name=\"referer_title\" value=\"Microalgaex\" \/>\n\n\t\t\t\n\t\t\t<div class=\"elementor-form-fields-wrapper elementor-labels-\">\n\t\t\t\t\t\t\t\t<div class=\"elementor-field-type-text elementor-field-group elementor-column elementor-field-group-name elementor-col-50\">\n\t\t\t\t\t\t\t\t\t\t\t\t<label for=\"form-field-name\" class=\"elementor-field-label elementor-screen-only\">\n\t\t\t\t\t\t\t\t\u0130sim\t\t\t\t\t\t\t<\/label>\n\t\t\t\t\t\t\t\t\t\t\t\t\t\t<input size=\"1\" type=\"text\" name=\"form_fields[name]\" id=\"form-field-name\" class=\"elementor-field elementor-size-sm  elementor-field-textual\" placeholder=\"\u0130sim\">\n\t\t\t\t\t\t\t\t\t\t\t<\/div>\n\t\t\t\t\t\t\t\t<div class=\"elementor-field-type-text elementor-field-group elementor-column elementor-field-group-field_4be2d02 elementor-col-50\">\n\t\t\t\t\t\t\t\t\t\t\t\t<label for=\"form-field-field_4be2d02\" class=\"elementor-field-label elementor-screen-only\">\n\t\t\t\t\t\t\t\tSoyad\u0131\t\t\t\t\t\t\t<\/label>\n\t\t\t\t\t\t\t\t\t\t\t\t\t\t<input size=\"1\" type=\"text\" name=\"form_fields[field_4be2d02]\" id=\"form-field-field_4be2d02\" class=\"elementor-field elementor-size-sm  elementor-field-textual\" placeholder=\"Soyad\u0131\">\n\t\t\t\t\t\t\t\t\t\t\t<\/div>\n\t\t\t\t\t\t\t\t<div class=\"elementor-field-type-tel elementor-field-group elementor-column elementor-field-group-email elementor-col-40 elementor-field-required\">\n\t\t\t\t\t\t\t\t\t\t\t\t<label for=\"form-field-email\" class=\"elementor-field-label elementor-screen-only\">\n\t\t\t\t\t\t\t\tTel\t\t\t\t\t\t\t<\/label>\n\t\t\t\t\t\t\t\t<input size=\"1\" type=\"tel\" name=\"form_fields[email]\" id=\"form-field-email\" class=\"elementor-field elementor-size-sm  elementor-field-textual\" placeholder=\"Telefon numaras\u0131\" required=\"required\" aria-required=\"true\" pattern=\"[0-9()#&amp;+*-=.]+\" title=\"Yaln\u0131zca say\u0131lar ve telefon karakterleri (#, -, *, vb.) kabul edilir.\">\n\n\t\t\t\t\t\t<\/div>\n\t\t\t\t\t\t\t\t<div class=\"elementor-field-type-email elementor-field-group elementor-column elementor-field-group-field_f008152 elementor-col-60 elementor-field-required\">\n\t\t\t\t\t\t\t\t\t\t\t\t<label for=\"form-field-field_f008152\" class=\"elementor-field-label elementor-screen-only\">\n\t\t\t\t\t\t\t\tE-posta\t\t\t\t\t\t\t<\/label>\n\t\t\t\t\t\t\t\t\t\t\t\t\t\t<input size=\"1\" type=\"email\" name=\"form_fields[field_f008152]\" id=\"form-field-field_f008152\" class=\"elementor-field elementor-size-sm  elementor-field-textual\" placeholder=\"E-posta\" required=\"required\" aria-required=\"true\">\n\t\t\t\t\t\t\t\t\t\t\t<\/div>\n\t\t\t\t\t\t\t\t<div class=\"elementor-field-type-select elementor-field-group elementor-column elementor-field-group-field_5ea8e3c elementor-col-100 elementor-field-required\">\n\t\t\t\t\t\t\t\t\t\t\t\t<label for=\"form-field-field_5ea8e3c\" class=\"elementor-field-label elementor-screen-only\">\n\t\t\t\t\t\t\t\t\u00dcr\u00fcnlerimiz\t\t\t\t\t\t\t<\/label>\n\t\t\t\t\t\t\t\t<div class=\"elementor-field elementor-select-wrapper remove-before\">\n\t\t\t<div class=\"select-caret-down-wrapper\">\n\t\t\t\t<i aria-hidden=\"true\" class=\"eicon-caret-down\"><\/i>\t\t\t<\/div>\n\t\t\t<select name=\"form_fields[field_5ea8e3c]\" id=\"form-field-field_5ea8e3c\" class=\"elementor-field-textual elementor-size-sm\" required=\"required\" aria-required=\"true\">\n\t\t\t\t\t\t\t\t\t<option value=\"what are you interested in?\">Ne ile ilgileniyorsunuz?<\/option>\n\t\t\t\t\t\t\t\t\t<option value=\"biofertilizer\">biyog\u00fcbre<\/option>\n\t\t\t\t\t\t\t\t\t<option value=\"liquid tree indoor\">s\u0131v\u0131 a\u011fa\u00e7 i\u00e7 mekan<\/option>\n\t\t\t\t\t\t\t\t\t<option value=\"liquid tree outdoor\">s\u0131v\u0131 a\u011fa\u00e7 d\u0131\u015f mekan<\/option>\n\t\t\t\t\t\t\t\t\t<option value=\"other\">di\u011fer<\/option>\n\t\t\t\t\t\t\t<\/select>\n\t\t<\/div>\n\t\t\t\t\t\t<\/div>\n\t\t\t\t\t\t\t\t<div class=\"elementor-field-type-textarea elementor-field-group elementor-column elementor-field-group-message elementor-col-100\">\n\t\t\t\t\t\t\t\t\t\t\t\t<label for=\"form-field-message\" class=\"elementor-field-label elementor-screen-only\">\n\t\t\t\t\t\t\t\tMesaj\t\t\t\t\t\t\t<\/label>\n\t\t\t\t\t\t<textarea class=\"elementor-field-textual elementor-field  elementor-size-sm\" name=\"form_fields[message]\" id=\"form-field-message\" rows=\"4\" placeholder=\"Mesaj\"><\/textarea>\t\t\t\t<\/div>\n\t\t\t\t\t\t\t\t<div class=\"elementor-field-group elementor-column elementor-field-type-submit elementor-col-100 e-form__buttons\">\n\t\t\t\t\t<button type=\"submit\" class=\"elementor-button elementor-size-sm\">\n\t\t\t\t\t\t<span >\n\t\t\t\t\t\t\t\t\t\t\t\t\t\t\t<span class=\"elementor-button-icon\">\n\t\t\t\t\t\t\t\t\t\t\t\t\t\t\t\t\t\t\t\t\t\t\t\t\t\t<\/span>\n\t\t\t\t\t\t\t\t\t\t\t\t\t\t\t\t\t\t\t\t\t\t<span class=\"elementor-button-text\">G\u00f6nder<\/span>\n\t\t\t\t\t\t\t\t\t\t\t\t\t<\/span>\n\t\t\t\t\t<\/button>\n\t\t\t\t<\/div>\n\t\t\t<\/div>\n\t\t<input type=\"hidden\" name=\"trp-form-language\" value=\"tr\"\/><\/form>\n\t\t\t\t<\/div>\n\t\t\t\t<\/div>\n\t\t\t\t\t<\/div>\n\t\t<\/div>\n\t\t\t\t<div class=\"elementor-column elementor-col-50 elementor-inner-column elementor-element elementor-element-73708aab\" data-id=\"73708aab\" data-element_type=\"column\">\n\t\t\t<div class=\"elementor-widget-wrap elementor-element-populated\">\n\t\t\t\t\t\t<div class=\"elementor-element elementor-element-2bd08967 elementor-widget__width-auto elementor-tablet-align-center elementor-icon-list--layout-traditional elementor-list-item-link-full_width elementor-widget elementor-widget-icon-list\" data-id=\"2bd08967\" data-element_type=\"widget\" data-widget_type=\"icon-list.default\">\n\t\t\t\t<div class=\"elementor-widget-container\">\n\t\t\t\t\t<ul class=\"elementor-icon-list-items\">\n\t\t\t\t\t\t\t<li class=\"elementor-icon-list-item\">\n\t\t\t\t\t\t\t\t\t\t\t<span class=\"elementor-icon-list-icon\">\n\t\t\t\t\t\t\t<i aria-hidden=\"true\" class=\"fas fa-envelope\"><\/i>\t\t\t\t\t\t<\/span>\n\t\t\t\t\t\t\t\t\t\t<span class=\"elementor-icon-list-text\">info@microalgaex.org<\/span>\n\t\t\t\t\t\t\t\t\t<\/li>\n\t\t\t\t\t\t<\/ul>\n\t\t\t\t<\/div>\n\t\t\t\t<\/div>\n\t\t\t\t<div class=\"elementor-element elementor-element-3a330f87 elementor-widget elementor-widget-google_maps\" data-id=\"3a330f87\" data-element_type=\"widget\" data-widget_type=\"google_maps.default\">\n\t\t\t\t<div class=\"elementor-widget-container\">\n\t\t\t\t\t<div class=\"elementor-custom-embed\">\n\t\t\t<iframe loading=\"lazy\"\n\t\t\t\t\tsrc=\"https:\/\/maps.google.com\/maps?q=instabul&#038;t=m&#038;z=10&#038;output=embed&#038;iwloc=near\"\n\t\t\t\t\ttitle=\"instabul\"\n\t\t\t\t\taria-label=\"instabul\"\n\t\t\t><\/iframe>\n\t\t<\/div>\n\t\t\t\t<\/div>\n\t\t\t\t<\/div>\n\t\t\t\t\t<\/div>\n\t\t<\/div>\n\t\t\t\t\t<\/div>\n\t\t<\/section>\n\t\t\t\t\t<\/div>\n\t\t<\/div>\n\t\t\t\t\t<\/div>\n\t\t<\/section>\n\t\t\t\t<\/div>","protected":false},"excerpt":{"rendered":"<p>\u0130leti\u015fim Sizinle ba\u011flant\u0131 kurmay\u0131 ve s\u00fcrd\u00fcr\u00fclebilir bir gelecek yaratmak i\u00e7in birlikte \u00e7al\u0131\u015fmay\u0131 d\u00f6rt g\u00f6zle bekliyoruz. MicroAlgaeX'te, i\u015fbirli\u011finin gezegenimizin potansiyelini ortaya \u00e7\u0131karman\u0131n anahtar\u0131 oldu\u011funa inan\u0131yoruz ve benzer d\u00fc\u015f\u00fcnen bireyler ve kurulu\u015flarla yeni ortakl\u0131klar, yenilik\u00e7i fikirler ve son teknoloji \u00e7\u00f6z\u00fcmler ke\u015ffetmeye istekliyiz. Bizimle \u0130leti\u015fime Ge\u00e7in MicroAlgaeX'te biz her zaman [...]<\/p>","protected":false},"author":1,"featured_media":0,"parent":0,"menu_order":0,"comment_status":"closed","ping_status":"closed","template":"elementor_header_footer","meta":{"footnotes":""},"class_list":["post-175","page","type-page","status-publish","hentry"],"yoast_head":"<!-- This site is optimized with the Yoast SEO Premium plugin v18.4 (Yoast SEO v23.6) - https:\/\/yoast.com\/wordpress\/plugins\/seo\/ -->\n<title>Contact - Microalgaex<\/title>\n<meta name=\"robots\" content=\"index, follow, max-snippet:-1, max-image-preview:large, max-video-preview:-1\" \/>\n<link rel=\"canonical\" href=\"https:\/\/microalgaex.com\/tr\/contact\/\" \/>\n<meta property=\"og:locale\" content=\"tr_TR\" \/>\n<meta property=\"og:type\" content=\"article\" \/>\n<meta property=\"og:title\" content=\"Contact\" \/>\n<meta property=\"og:description\" content=\"Contact We look forward to connecting with you and working together to create a sustainable future. At MicroAlgaeX, we believe that collaboration is key to unlocking our planet&#8217;s potential, and we&#8217;re eager to explore new partnerships, innovative ideas, and cutting-edge solutions with like-minded individuals and organizations. Contact Us Get in touch At MicroAlgaeX, we&#8217;re always [&hellip;]\" \/>\n<meta property=\"og:url\" content=\"https:\/\/microalgaex.com\/tr\/contact\/\" \/>\n<meta property=\"og:site_name\" content=\"Microalgaex\" \/>\n<meta property=\"article:modified_time\" content=\"2024-02-26T10:55:32+00:00\" \/>\n<meta property=\"og:image\" content=\"https:\/\/microalgaex.com\/wp-content\/uploads\/2023\/03\/microalgae.png\" \/>\n<meta name=\"twitter:card\" content=\"summary_large_image\" \/>\n<meta name=\"twitter:label1\" content=\"Tahmini okuma s\u00fcresi\" \/>\n\t<meta name=\"twitter:data1\" content=\"1 dakika\" \/>\n<script type=\"application\/ld+json\" class=\"yoast-schema-graph\">{\"@context\":\"https:\/\/schema.org\",\"@graph\":[{\"@type\":\"WebPage\",\"@id\":\"https:\/\/microalgaex.com\/contact\/\",\"url\":\"https:\/\/microalgaex.com\/contact\/\",\"name\":\"Contact - Microalgaex\",\"isPartOf\":{\"@id\":\"https:\/\/microalgaex.com\/#website\"},\"primaryImageOfPage\":{\"@id\":\"https:\/\/microalgaex.com\/contact\/#primaryimage\"},\"image\":{\"@id\":\"https:\/\/microalgaex.com\/contact\/#primaryimage\"},\"thumbnailUrl\":\"https:\/\/microalgaex.com\/wp-content\/uploads\/2023\/03\/microalgae.png\",\"datePublished\":\"2023-03-22T08:29:31+00:00\",\"dateModified\":\"2024-02-26T10:55:32+00:00\",\"breadcrumb\":{\"@id\":\"https:\/\/microalgaex.com\/contact\/#breadcrumb\"},\"inLanguage\":\"tr\",\"potentialAction\":[{\"@type\":\"ReadAction\",\"target\":[\"https:\/\/microalgaex.com\/contact\/\"]}]},{\"@type\":\"ImageObject\",\"inLanguage\":\"tr\",\"@id\":\"https:\/\/microalgaex.com\/contact\/#primaryimage\",\"url\":\"https:\/\/microalgaex.com\/wp-content\/uploads\/2023\/03\/microalgae.png\",\"contentUrl\":\"https:\/\/microalgaex.com\/wp-content\/uploads\/2023\/03\/microalgae.png\"},{\"@type\":\"BreadcrumbList\",\"@id\":\"https:\/\/microalgaex.com\/contact\/#breadcrumb\",\"itemListElement\":[{\"@type\":\"ListItem\",\"position\":1,\"name\":\"Home\",\"item\":\"https:\/\/microalgaex.com\/\"},{\"@type\":\"ListItem\",\"position\":2,\"name\":\"Contact\"}]},{\"@type\":\"WebSite\",\"@id\":\"https:\/\/microalgaex.com\/#website\",\"url\":\"https:\/\/microalgaex.com\/\",\"name\":\"Microalgaex\",\"description\":\"\",\"potentialAction\":[{\"@type\":\"SearchAction\",\"target\":{\"@type\":\"EntryPoint\",\"urlTemplate\":\"https:\/\/microalgaex.com\/?s={search_term_string}\"},\"query-input\":{\"@type\":\"PropertyValueSpecification\",\"valueRequired\":true,\"valueName\":\"search_term_string\"}}],\"inLanguage\":\"tr\"}]}<\/script>\n<!-- \/ Yoast SEO Premium plugin. -->","yoast_head_json":{"title":"Contact - Microalgaex","robots":{"index":"index","follow":"follow","max-snippet":"max-snippet:-1","max-image-preview":"max-image-preview:large","max-video-preview":"max-video-preview:-1"},"canonical":"https:\/\/microalgaex.com\/tr\/contact\/","og_locale":"tr_TR","og_type":"article","og_title":"Contact","og_description":"Contact We look forward to connecting with you and working together to create a sustainable future. At MicroAlgaeX, we believe that collaboration is key to unlocking our planet&#8217;s potential, and we&#8217;re eager to explore new partnerships, innovative ideas, and cutting-edge solutions with like-minded individuals and organizations. Contact Us Get in touch At MicroAlgaeX, we&#8217;re always [&hellip;]","og_url":"https:\/\/microalgaex.com\/tr\/contact\/","og_site_name":"Microalgaex","article_modified_time":"2024-02-26T10:55:32+00:00","og_image":[{"url":"https:\/\/microalgaex.com\/wp-content\/uploads\/2023\/03\/microalgae.png"}],"twitter_card":"summary_large_image","twitter_misc":{"Tahmini okuma s\u00fcresi":"1 dakika"},"schema":{"@context":"https:\/\/schema.org","@graph":[{"@type":"WebPage","@id":"https:\/\/microalgaex.com\/contact\/","url":"https:\/\/microalgaex.com\/contact\/","name":"Contact - Microalgaex","isPartOf":{"@id":"https:\/\/microalgaex.com\/#website"},"primaryImageOfPage":{"@id":"https:\/\/microalgaex.com\/contact\/#primaryimage"},"image":{"@id":"https:\/\/microalgaex.com\/contact\/#primaryimage"},"thumbnailUrl":"https:\/\/microalgaex.com\/wp-content\/uploads\/2023\/03\/microalgae.png","datePublished":"2023-03-22T08:29:31+00:00","dateModified":"2024-02-26T10:55:32+00:00","breadcrumb":{"@id":"https:\/\/microalgaex.com\/contact\/#breadcrumb"},"inLanguage":"tr","potentialAction":[{"@type":"ReadAction","target":["https:\/\/microalgaex.com\/contact\/"]}]},{"@type":"ImageObject","inLanguage":"tr","@id":"https:\/\/microalgaex.com\/contact\/#primaryimage","url":"https:\/\/microalgaex.com\/wp-content\/uploads\/2023\/03\/microalgae.png","contentUrl":"https:\/\/microalgaex.com\/wp-content\/uploads\/2023\/03\/microalgae.png"},{"@type":"BreadcrumbList","@id":"https:\/\/microalgaex.com\/contact\/#breadcrumb","itemListElement":[{"@type":"ListItem","position":1,"name":"Home","item":"https:\/\/microalgaex.com\/"},{"@type":"ListItem","position":2,"name":"Contact"}]},{"@type":"WebSite","@id":"https:\/\/microalgaex.com\/#website","url":"https:\/\/microalgaex.com\/","name":"Microalgaex","description":"","potentialAction":[{"@type":"SearchAction","target":{"@type":"EntryPoint","urlTemplate":"https:\/\/microalgaex.com\/?s={search_term_string}"},"query-input":{"@type":"PropertyValueSpecification","valueRequired":true,"valueName":"search_term_string"}}],"inLanguage":"tr"}]}},"_links":{"self":[{"href":"https:\/\/microalgaex.com\/tr\/wp-json\/wp\/v2\/pages\/175","targetHints":{"allow":["GET"]}}],"collection":[{"href":"https:\/\/microalgaex.com\/tr\/wp-json\/wp\/v2\/pages"}],"about":[{"href":"https:\/\/microalgaex.com\/tr\/wp-json\/wp\/v2\/types\/page"}],"author":[{"embeddable":true,"href":"https:\/\/microalgaex.com\/tr\/wp-json\/wp\/v2\/users\/1"}],"replies":[{"embeddable":true,"href":"https:\/\/microalgaex.com\/tr\/wp-json\/wp\/v2\/comments?post=175"}],"version-history":[{"count":44,"href":"https:\/\/microalgaex.com\/tr\/wp-json\/wp\/v2\/pages\/175\/revisions"}],"predecessor-version":[{"id":1264,"href":"https:\/\/microalgaex.com\/tr\/wp-json\/wp\/v2\/pages\/175\/revisions\/1264"}],"wp:attachment":[{"href":"https:\/\/microalgaex.com\/tr\/wp-json\/wp\/v2\/media?parent=175"}],"curies":[{"name":"wp","href":"https:\/\/api.w.org\/{rel}","templated":true}]}}