{"id":1198,"date":"2024-02-16T15:19:05","date_gmt":"2024-02-16T15:19:05","guid":{"rendered":"https:\/\/microalgaex.com\/?page_id=1198"},"modified":"2026-03-17T08:52:32","modified_gmt":"2026-03-17T08:52:32","slug":"press-news","status":"publish","type":"page","link":"https:\/\/microalgaex.com\/tr\/press-news\/","title":{"rendered":"Bas\u0131n &amp; Haberler"},"content":{"rendered":"<div data-elementor-type=\"wp-page\" data-elementor-id=\"1198\" class=\"elementor elementor-1198\">\n\t\t\t\t\t\t<section class=\"elementor-section elementor-top-section elementor-element elementor-element-6b8c93f elementor-section-boxed elementor-section-height-default elementor-section-height-default\" data-id=\"6b8c93f\" data-element_type=\"section\">\n\t\t\t\t\t\t<div class=\"elementor-container elementor-column-gap-default\">\n\t\t\t\t\t<div class=\"elementor-column elementor-col-50 elementor-top-column elementor-element elementor-element-50634ea\" data-id=\"50634ea\" data-element_type=\"column\">\n\t\t\t<div class=\"elementor-widget-wrap elementor-element-populated\">\n\t\t\t\t\t\t<div class=\"elementor-element elementor-element-5edbd4c elementor-widget elementor-widget-heading\" data-id=\"5edbd4c\" data-element_type=\"widget\" data-widget_type=\"heading.default\">\n\t\t\t\t<div class=\"elementor-widget-container\">\n\t\t\t<h1 class=\"elementor-heading-title elementor-size-default\">Bas\u0131n &amp; Haberler<\/h1>\t\t<\/div>\n\t\t\t\t<\/div>\n\t\t\t\t\t<\/div>\n\t\t<\/div>\n\t\t\t\t<div class=\"elementor-column elementor-col-50 elementor-top-column elementor-element elementor-element-851b991\" data-id=\"851b991\" data-element_type=\"column\">\n\t\t\t<div class=\"elementor-widget-wrap elementor-element-populated\">\n\t\t\t\t\t\t<div class=\"elementor-element elementor-element-e8aec46 elementor-widget elementor-widget-image\" data-id=\"e8aec46\" data-element_type=\"widget\" data-widget_type=\"image.default\">\n\t\t\t\t<div class=\"elementor-widget-container\">\n\t\t\t\t\t\t\t\t\t\t\t\t\t<img fetchpriority=\"high\" decoding=\"async\" width=\"702\" height=\"336\" src=\"https:\/\/microalgaex.com\/wp-content\/uploads\/2024\/02\/research-microalgaex.png\" class=\"attachment-large size-large wp-image-1177\" alt=\"\" srcset=\"https:\/\/microalgaex.com\/wp-content\/uploads\/2024\/02\/research-microalgaex.png 702w, https:\/\/microalgaex.com\/wp-content\/uploads\/2024\/02\/research-microalgaex-300x144.png 300w, https:\/\/microalgaex.com\/wp-content\/uploads\/2024\/02\/research-microalgaex-18x9.png 18w\" sizes=\"(max-width: 702px) 100vw, 702px\" \/>\t\t\t\t\t\t\t\t\t\t\t\t\t<\/div>\n\t\t\t\t<\/div>\n\t\t\t\t\t<\/div>\n\t\t<\/div>\n\t\t\t\t\t<\/div>\n\t\t<\/section>\n\t\t\t\t<section class=\"elementor-section elementor-top-section elementor-element elementor-element-c0db359 elementor-section-boxed elementor-section-height-default elementor-section-height-default\" data-id=\"c0db359\" data-element_type=\"section\">\n\t\t\t\t\t\t<div class=\"elementor-container elementor-column-gap-default\">\n\t\t\t\t\t<div class=\"elementor-column elementor-col-100 elementor-top-column elementor-element elementor-element-d927f7f\" data-id=\"d927f7f\" data-element_type=\"column\">\n\t\t\t<div class=\"elementor-widget-wrap elementor-element-populated\">\n\t\t\t\t\t\t<div class=\"elementor-element elementor-element-84717d3 elementor-align-left elementor-icon-list--layout-traditional elementor-list-item-link-full_width elementor-widget elementor-widget-icon-list\" data-id=\"84717d3\" data-element_type=\"widget\" data-widget_type=\"icon-list.default\">\n\t\t\t\t<div class=\"elementor-widget-container\">\n\t\t\t\t\t<ul class=\"elementor-icon-list-items\">\n\t\t\t\t\t\t\t<li class=\"elementor-icon-list-item\">\n\t\t\t\t\t\t\t\t\t\t\t<a href=\"https:\/\/www.gente.it\/attualita\/politica\/a70411961\/la-riscoperta-della-fotosintesi-salvera-le-citta\/\" target=\"_blank\">\n\n\t\t\t\t\t\t\t\t\t\t\t\t<span class=\"elementor-icon-list-icon\">\n\t\t\t\t\t\t\t<i aria-hidden=\"true\" class=\"jki jki-page_search-light\"><\/i>\t\t\t\t\t\t<\/span>\n\t\t\t\t\t\t\t\t\t\t<span class=\"elementor-icon-list-text\">GENTE - La \u201criscoperta\u201d della fotosintesi salver\u00e0 le citt\u00e0<\/span>\n\t\t\t\t\t\t\t\t\t\t\t<\/a>\n\t\t\t\t\t\t\t\t\t<\/li>\n\t\t\t\t\t\t\t\t<li class=\"elementor-icon-list-item\">\n\t\t\t\t\t\t\t\t\t\t\t<a href=\"https:\/\/www.lifestyleblog.it\/blog\/2026\/02\/liquid-planet-regonesi-microalgaex-co2-microalghe\/\" target=\"_blank\">\n\n\t\t\t\t\t\t\t\t\t\t\t\t<span class=\"elementor-icon-list-icon\">\n\t\t\t\t\t\t\t<i aria-hidden=\"true\" class=\"jki jki-page_search-light\"><\/i>\t\t\t\t\t\t<\/span>\n\t\t\t\t\t\t\t\t\t\t<span class=\"elementor-icon-list-text\">Liquid Planet, il libro di Giuliano Regonesi che trasforma la CO2 in risorsa grazie alle microalghe<\/span>\n\t\t\t\t\t\t\t\t\t\t\t<\/a>\n\t\t\t\t\t\t\t\t\t<\/li>\n\t\t\t\t\t\t\t\t<li class=\"elementor-icon-list-item\">\n\t\t\t\t\t\t\t\t\t\t\t<a href=\"https:\/\/www.bergamonews.it\/tag-personaggio\/giuliano-regonesi\/\" target=\"_blank\">\n\n\t\t\t\t\t\t\t\t\t\t\t\t<span class=\"elementor-icon-list-icon\">\n\t\t\t\t\t\t\t<i aria-hidden=\"true\" class=\"jki jki-page_search-light\"><\/i>\t\t\t\t\t\t<\/span>\n\t\t\t\t\t\t\t\t\t\t<span class=\"elementor-icon-list-text\">Giuliano Regonesi Haberleri<\/span>\n\t\t\t\t\t\t\t\t\t\t\t<\/a>\n\t\t\t\t\t\t\t\t\t<\/li>\n\t\t\t\t\t\t\t\t<li class=\"elementor-icon-list-item\">\n\t\t\t\t\t\t\t\t\t\t\t<a href=\"https:\/\/www.tesisatmarket.com\/haberler\/temiz-hava-teknolojisinde-devrim-mikroalg-teknolojisiyle-gelistirilen-sivi-agac-liquid-tree\" target=\"_blank\">\n\n\t\t\t\t\t\t\t\t\t\t\t\t<span class=\"elementor-icon-list-icon\">\n\t\t\t\t\t\t\t<i aria-hidden=\"true\" class=\"jki jki-page_search-light\"><\/i>\t\t\t\t\t\t<\/span>\n\t\t\t\t\t\t\t\t\t\t<span class=\"elementor-icon-list-text\">Temiz Hava Teknolojisinde Devrim; Mikroalg Teknolojisi ile Geli\u015ftirilen Liquid Tree Liquid Tree<\/span>\n\t\t\t\t\t\t\t\t\t\t\t<\/a>\n\t\t\t\t\t\t\t\t\t<\/li>\n\t\t\t\t\t\t\t\t<li class=\"elementor-icon-list-item\">\n\t\t\t\t\t\t\t\t\t\t\t<a href=\"https:\/\/www.insaattedarik.com.tr\/urun-tanitimi\/temiz-hava-teknolojisinde-devrim-sivi-agac-liquid-tree-ile-tanisin\/\" target=\"_blank\">\n\n\t\t\t\t\t\t\t\t\t\t\t\t<span class=\"elementor-icon-list-icon\">\n\t\t\t\t\t\t\t<i aria-hidden=\"true\" class=\"jki jki-page_search-light\"><\/i>\t\t\t\t\t\t<\/span>\n\t\t\t\t\t\t\t\t\t\t<span class=\"elementor-icon-list-text\">Liquid Tree ile tan\u0131\u015f\u0131n<\/span>\n\t\t\t\t\t\t\t\t\t\t\t<\/a>\n\t\t\t\t\t\t\t\t\t<\/li>\n\t\t\t\t\t\t<\/ul>\n\t\t\t\t<\/div>\n\t\t\t\t<\/div>\n\t\t\t\t\t<\/div>\n\t\t<\/div>\n\t\t\t\t\t<\/div>\n\t\t<\/section>\n\t\t\t\t<section class=\"elementor-section elementor-top-section elementor-element elementor-element-12e5b66 elementor-section-boxed elementor-section-height-default elementor-section-height-default\" data-id=\"12e5b66\" data-element_type=\"section\" data-settings=\"{&quot;background_background&quot;:&quot;classic&quot;}\">\n\t\t\t\t\t\t<div class=\"elementor-container elementor-column-gap-default\">\n\t\t\t\t\t<div class=\"elementor-column elementor-col-100 elementor-top-column elementor-element elementor-element-ac1c0a3\" data-id=\"ac1c0a3\" data-element_type=\"column\" data-settings=\"{&quot;background_background&quot;:&quot;classic&quot;}\">\n\t\t\t<div class=\"elementor-widget-wrap elementor-element-populated\">\n\t\t\t\t\t<div class=\"elementor-background-overlay\"><\/div>\n\t\t\t\t\t\t<div class=\"elementor-element elementor-element-4bfc5fe elementor-invisible elementor-widget elementor-widget-heading\" data-id=\"4bfc5fe\" data-element_type=\"widget\" data-settings=\"{&quot;_animation&quot;:&quot;fadeInUp&quot;}\" data-widget_type=\"heading.default\">\n\t\t\t\t<div class=\"elementor-widget-container\">\n\t\t\t<h2 class=\"elementor-heading-title elementor-size-default\">MicroAlgaex ile \u0130leti\u015fime Ge\u00e7in<\/h2>\t\t<\/div>\n\t\t\t\t<\/div>\n\t\t\t\t<div class=\"elementor-element elementor-element-b9d234b elementor-invisible elementor-widget elementor-widget-text-editor\" data-id=\"b9d234b\" data-element_type=\"widget\" data-settings=\"{&quot;_animation&quot;:&quot;fadeInUp&quot;}\" data-widget_type=\"text-editor.default\">\n\t\t\t\t<div class=\"elementor-widget-container\">\n\t\t\t\t\t\t\t<p>Sizden haber almak isteriz! Herhangi bir sorunuz, \u00f6neriniz varsa veya yosun bazl\u0131 biyostim\u00fclanlar\u0131m\u0131z hakk\u0131nda daha fazla bilgi edinmek istiyorsan\u0131z, l\u00fctfen bize ula\u015fmaktan \u00e7ekinmeyin.<\/p>\t\t\t\t\t\t<\/div>\n\t\t\t\t<\/div>\n\t\t\t\t<div class=\"elementor-element elementor-element-5ecd615 elementor-align-center elementor-invisible elementor-widget elementor-widget-button\" data-id=\"5ecd615\" data-element_type=\"widget\" data-settings=\"{&quot;_animation&quot;:&quot;fadeInUp&quot;}\" data-widget_type=\"button.default\">\n\t\t\t\t<div class=\"elementor-widget-container\">\n\t\t\t\t\t<div class=\"elementor-button-wrapper\">\n\t\t\t<a class=\"elementor-button elementor-button-link elementor-size-sm\" href=\"https:\/\/microalgaex.com\/tr\/contact\/\">\n\t\t\t\t\t\t<span class=\"elementor-button-content-wrapper\">\n\t\t\t\t\t\t\t\t\t<span class=\"elementor-button-text\">\u015eimdi Bize Ula\u015f\u0131n<\/span>\n\t\t\t\t\t<\/span>\n\t\t\t\t\t<\/a>\n\t\t<\/div>\n\t\t\t\t<\/div>\n\t\t\t\t<\/div>\n\t\t\t\t\t<\/div>\n\t\t<\/div>\n\t\t\t\t\t<\/div>\n\t\t<\/section>\n\t\t\t\t<\/div>","protected":false},"excerpt":{"rendered":"<p>Press &amp; News GENTE &#8211; La \u201criscoperta\u201d della fotosintesi salver\u00e0 le citt\u00e0 Liquid Planet, il libro di Giuliano Regonesi che trasforma la CO2 in risorsa grazie alle microalghe Giuliano Regonesi News Revolution in Clean Air Technology; Liquid Tree Developed with Microalgae Technology Liquid Tree Meet Liquid Tree Get in Touch with MicroAlgaex We&#8217;d love to [&hellip;]<\/p>","protected":false},"author":1,"featured_media":0,"parent":0,"menu_order":0,"comment_status":"closed","ping_status":"closed","template":"elementor_header_footer","meta":{"footnotes":""},"class_list":["post-1198","page","type-page","status-publish","hentry"],"yoast_head":"<!-- This site is optimized with the Yoast SEO Premium plugin v18.4 (Yoast SEO v23.6) - https:\/\/yoast.com\/wordpress\/plugins\/seo\/ -->\n<title>Press &amp; News - Microalgaex<\/title>\n<meta name=\"robots\" content=\"index, follow, max-snippet:-1, max-image-preview:large, max-video-preview:-1\" \/>\n<link rel=\"canonical\" href=\"https:\/\/microalgaex.com\/tr\/press-news\/\" \/>\n<meta property=\"og:locale\" content=\"tr_TR\" \/>\n<meta property=\"og:type\" content=\"article\" \/>\n<meta property=\"og:title\" content=\"Press &amp; News\" \/>\n<meta property=\"og:description\" content=\"Press &amp; News GENTE &#8211; La \u201criscoperta\u201d della fotosintesi salver\u00e0 le citt\u00e0 Liquid Planet, il libro di Giuliano Regonesi che trasforma la CO2 in risorsa grazie alle microalghe Giuliano Regonesi News Revolution in Clean Air Technology; Liquid Tree Developed with Microalgae Technology Liquid Tree Meet Liquid Tree Get in Touch with MicroAlgaex We&#8217;d love to [&hellip;]\" \/>\n<meta property=\"og:url\" content=\"https:\/\/microalgaex.com\/tr\/press-news\/\" \/>\n<meta property=\"og:site_name\" content=\"Microalgaex\" \/>\n<meta property=\"article:modified_time\" content=\"2026-03-17T08:52:32+00:00\" \/>\n<meta property=\"og:image\" content=\"https:\/\/microalgaex.com\/wp-content\/uploads\/2024\/02\/research-microalgaex.png\" \/>\n\t<meta property=\"og:image:width\" content=\"702\" \/>\n\t<meta property=\"og:image:height\" content=\"336\" \/>\n\t<meta property=\"og:image:type\" content=\"image\/png\" \/>\n<meta name=\"twitter:card\" content=\"summary_large_image\" \/>\n<meta name=\"twitter:label1\" content=\"Tahmini okuma s\u00fcresi\" \/>\n\t<meta name=\"twitter:data1\" content=\"1 dakika\" \/>\n<script type=\"application\/ld+json\" class=\"yoast-schema-graph\">{\"@context\":\"https:\/\/schema.org\",\"@graph\":[{\"@type\":\"WebPage\",\"@id\":\"https:\/\/microalgaex.com\/press-news\/\",\"url\":\"https:\/\/microalgaex.com\/press-news\/\",\"name\":\"Press & News - Microalgaex\",\"isPartOf\":{\"@id\":\"https:\/\/microalgaex.com\/#website\"},\"primaryImageOfPage\":{\"@id\":\"https:\/\/microalgaex.com\/press-news\/#primaryimage\"},\"image\":{\"@id\":\"https:\/\/microalgaex.com\/press-news\/#primaryimage\"},\"thumbnailUrl\":\"https:\/\/microalgaex.com\/wp-content\/uploads\/2024\/02\/research-microalgaex.png\",\"datePublished\":\"2024-02-16T15:19:05+00:00\",\"dateModified\":\"2026-03-17T08:52:32+00:00\",\"breadcrumb\":{\"@id\":\"https:\/\/microalgaex.com\/press-news\/#breadcrumb\"},\"inLanguage\":\"tr\",\"potentialAction\":[{\"@type\":\"ReadAction\",\"target\":[\"https:\/\/microalgaex.com\/press-news\/\"]}]},{\"@type\":\"ImageObject\",\"inLanguage\":\"tr\",\"@id\":\"https:\/\/microalgaex.com\/press-news\/#primaryimage\",\"url\":\"https:\/\/microalgaex.com\/wp-content\/uploads\/2024\/02\/research-microalgaex.png\",\"contentUrl\":\"https:\/\/microalgaex.com\/wp-content\/uploads\/2024\/02\/research-microalgaex.png\"},{\"@type\":\"BreadcrumbList\",\"@id\":\"https:\/\/microalgaex.com\/press-news\/#breadcrumb\",\"itemListElement\":[{\"@type\":\"ListItem\",\"position\":1,\"name\":\"Home\",\"item\":\"https:\/\/microalgaex.com\/\"},{\"@type\":\"ListItem\",\"position\":2,\"name\":\"Press &#038; News\"}]},{\"@type\":\"WebSite\",\"@id\":\"https:\/\/microalgaex.com\/#website\",\"url\":\"https:\/\/microalgaex.com\/\",\"name\":\"Microalgaex\",\"description\":\"\",\"potentialAction\":[{\"@type\":\"SearchAction\",\"target\":{\"@type\":\"EntryPoint\",\"urlTemplate\":\"https:\/\/microalgaex.com\/?s={search_term_string}\"},\"query-input\":{\"@type\":\"PropertyValueSpecification\",\"valueRequired\":true,\"valueName\":\"search_term_string\"}}],\"inLanguage\":\"tr\"}]}<\/script>\n<!-- \/ Yoast SEO Premium plugin. -->","yoast_head_json":{"title":"Press & News - Microalgaex","robots":{"index":"index","follow":"follow","max-snippet":"max-snippet:-1","max-image-preview":"max-image-preview:large","max-video-preview":"max-video-preview:-1"},"canonical":"https:\/\/microalgaex.com\/tr\/press-news\/","og_locale":"tr_TR","og_type":"article","og_title":"Press & News","og_description":"Press &amp; News GENTE &#8211; La \u201criscoperta\u201d della fotosintesi salver\u00e0 le citt\u00e0 Liquid Planet, il libro di Giuliano Regonesi che trasforma la CO2 in risorsa grazie alle microalghe Giuliano Regonesi News Revolution in Clean Air Technology; Liquid Tree Developed with Microalgae Technology Liquid Tree Meet Liquid Tree Get in Touch with MicroAlgaex We&#8217;d love to [&hellip;]","og_url":"https:\/\/microalgaex.com\/tr\/press-news\/","og_site_name":"Microalgaex","article_modified_time":"2026-03-17T08:52:32+00:00","og_image":[{"width":702,"height":336,"url":"https:\/\/microalgaex.com\/wp-content\/uploads\/2024\/02\/research-microalgaex.png","type":"image\/png"}],"twitter_card":"summary_large_image","twitter_misc":{"Tahmini okuma s\u00fcresi":"1 dakika"},"schema":{"@context":"https:\/\/schema.org","@graph":[{"@type":"WebPage","@id":"https:\/\/microalgaex.com\/press-news\/","url":"https:\/\/microalgaex.com\/press-news\/","name":"Press & News - Microalgaex","isPartOf":{"@id":"https:\/\/microalgaex.com\/#website"},"primaryImageOfPage":{"@id":"https:\/\/microalgaex.com\/press-news\/#primaryimage"},"image":{"@id":"https:\/\/microalgaex.com\/press-news\/#primaryimage"},"thumbnailUrl":"https:\/\/microalgaex.com\/wp-content\/uploads\/2024\/02\/research-microalgaex.png","datePublished":"2024-02-16T15:19:05+00:00","dateModified":"2026-03-17T08:52:32+00:00","breadcrumb":{"@id":"https:\/\/microalgaex.com\/press-news\/#breadcrumb"},"inLanguage":"tr","potentialAction":[{"@type":"ReadAction","target":["https:\/\/microalgaex.com\/press-news\/"]}]},{"@type":"ImageObject","inLanguage":"tr","@id":"https:\/\/microalgaex.com\/press-news\/#primaryimage","url":"https:\/\/microalgaex.com\/wp-content\/uploads\/2024\/02\/research-microalgaex.png","contentUrl":"https:\/\/microalgaex.com\/wp-content\/uploads\/2024\/02\/research-microalgaex.png"},{"@type":"BreadcrumbList","@id":"https:\/\/microalgaex.com\/press-news\/#breadcrumb","itemListElement":[{"@type":"ListItem","position":1,"name":"Home","item":"https:\/\/microalgaex.com\/"},{"@type":"ListItem","position":2,"name":"Press &#038; News"}]},{"@type":"WebSite","@id":"https:\/\/microalgaex.com\/#website","url":"https:\/\/microalgaex.com\/","name":"Microalgaex","description":"","potentialAction":[{"@type":"SearchAction","target":{"@type":"EntryPoint","urlTemplate":"https:\/\/microalgaex.com\/?s={search_term_string}"},"query-input":{"@type":"PropertyValueSpecification","valueRequired":true,"valueName":"search_term_string"}}],"inLanguage":"tr"}]}},"_links":{"self":[{"href":"https:\/\/microalgaex.com\/tr\/wp-json\/wp\/v2\/pages\/1198","targetHints":{"allow":["GET"]}}],"collection":[{"href":"https:\/\/microalgaex.com\/tr\/wp-json\/wp\/v2\/pages"}],"about":[{"href":"https:\/\/microalgaex.com\/tr\/wp-json\/wp\/v2\/types\/page"}],"author":[{"embeddable":true,"href":"https:\/\/microalgaex.com\/tr\/wp-json\/wp\/v2\/users\/1"}],"replies":[{"embeddable":true,"href":"https:\/\/microalgaex.com\/tr\/wp-json\/wp\/v2\/comments?post=1198"}],"version-history":[{"count":16,"href":"https:\/\/microalgaex.com\/tr\/wp-json\/wp\/v2\/pages\/1198\/revisions"}],"predecessor-version":[{"id":1324,"href":"https:\/\/microalgaex.com\/tr\/wp-json\/wp\/v2\/pages\/1198\/revisions\/1324"}],"wp:attachment":[{"href":"https:\/\/microalgaex.com\/tr\/wp-json\/wp\/v2\/media?parent=1198"}],"curies":[{"name":"wp","href":"https:\/\/api.w.org\/{rel}","templated":true}]}}