{"id":1130,"date":"2024-02-15T14:14:11","date_gmt":"2024-02-15T14:14:11","guid":{"rendered":"https:\/\/microalgaex.com\/?page_id=1130"},"modified":"2024-02-15T14:21:47","modified_gmt":"2024-02-15T14:21:47","slug":"microalgae-bank","status":"publish","type":"page","link":"https:\/\/microalgaex.com\/tr\/microalgae-bank\/","title":{"rendered":"Mikroalg Bankas\u0131"},"content":{"rendered":"<div data-elementor-type=\"wp-page\" data-elementor-id=\"1130\" class=\"elementor elementor-1130\">\n\t\t\t\t\t\t<section class=\"elementor-section elementor-top-section elementor-element elementor-element-af62d73 elementor-section-boxed elementor-section-height-default elementor-section-height-default\" data-id=\"af62d73\" data-element_type=\"section\">\n\t\t\t\t\t\t<div class=\"elementor-container elementor-column-gap-default\">\n\t\t\t\t\t<div class=\"elementor-column elementor-col-50 elementor-top-column elementor-element elementor-element-5695e2f\" data-id=\"5695e2f\" data-element_type=\"column\">\n\t\t\t<div class=\"elementor-widget-wrap elementor-element-populated\">\n\t\t\t\t\t\t<div class=\"elementor-element elementor-element-b9ac588 elementor-widget elementor-widget-heading\" data-id=\"b9ac588\" data-element_type=\"widget\" data-widget_type=\"heading.default\">\n\t\t\t\t<div class=\"elementor-widget-container\">\n\t\t\t<h1 class=\"elementor-heading-title elementor-size-default\">Mikroalg Bankas\u0131<\/h1>\t\t<\/div>\n\t\t\t\t<\/div>\n\t\t\t\t<div class=\"elementor-element elementor-element-09f9f5c elementor-widget elementor-widget-text-editor\" data-id=\"09f9f5c\" data-element_type=\"widget\" data-widget_type=\"text-editor.default\">\n\t\t\t\t<div class=\"elementor-widget-container\">\n\t\t\t\t\t\t\t<p>Hedeflenen ama\u00e7lar i\u00e7in alg t\u00fcrlerini kontrol ediyor ve yeti\u015ftiriyoruz.<\/p>\t\t\t\t\t\t<\/div>\n\t\t\t\t<\/div>\n\t\t\t\t\t<\/div>\n\t\t<\/div>\n\t\t\t\t<div class=\"elementor-column elementor-col-50 elementor-top-column elementor-element elementor-element-8d66508\" data-id=\"8d66508\" data-element_type=\"column\">\n\t\t\t<div class=\"elementor-widget-wrap elementor-element-populated\">\n\t\t\t\t\t\t<div class=\"elementor-element elementor-element-7f55717 elementor-widget elementor-widget-video\" data-id=\"7f55717\" data-element_type=\"widget\" data-settings=\"{&quot;video_type&quot;:&quot;hosted&quot;,&quot;autoplay&quot;:&quot;yes&quot;,&quot;mute&quot;:&quot;yes&quot;,&quot;loop&quot;:&quot;yes&quot;,&quot;play_on_mobile&quot;:&quot;yes&quot;}\" data-widget_type=\"video.default\">\n\t\t\t\t<div class=\"elementor-widget-container\">\n\t\t\t\t\t<div class=\"e-hosted-video elementor-wrapper elementor-open-inline\">\n\t\t\t\t\t<video class=\"elementor-video\" src=\"https:\/\/microalgaex.com\/wp-content\/uploads\/2024\/02\/video-bolle-2.mp4\" autoplay=\"\" loop=\"\" muted=\"muted\" playsinline=\"\" controlslist=\"nodownload\"><\/video>\n\t\t\t\t<\/div>\n\t\t\t\t<\/div>\n\t\t\t\t<\/div>\n\t\t\t\t\t<\/div>\n\t\t<\/div>\n\t\t\t\t\t<\/div>\n\t\t<\/section>\n\t\t\t\t<section class=\"elementor-section elementor-top-section elementor-element elementor-element-81d1a7a elementor-section-boxed elementor-section-height-default elementor-section-height-default\" data-id=\"81d1a7a\" data-element_type=\"section\">\n\t\t\t\t\t\t<div class=\"elementor-container elementor-column-gap-default\">\n\t\t\t\t\t<div class=\"elementor-column elementor-col-100 elementor-top-column elementor-element elementor-element-d629716\" data-id=\"d629716\" data-element_type=\"column\">\n\t\t\t<div class=\"elementor-widget-wrap elementor-element-populated\">\n\t\t\t\t\t\t<div class=\"elementor-element elementor-element-ea309f7 elementor-invisible elementor-widget elementor-widget-heading\" data-id=\"ea309f7\" data-element_type=\"widget\" data-settings=\"{&quot;_animation&quot;:&quot;fadeInUp&quot;}\" data-widget_type=\"heading.default\">\n\t\t\t\t<div class=\"elementor-widget-container\">\n\t\t\t<h5 class=\"elementor-heading-title elementor-size-default\">\u00d6zel Yosun Ar\u015fivi\n<\/h5>\t\t<\/div>\n\t\t\t\t<\/div>\n\t\t\t\t<div class=\"elementor-element elementor-element-10e3365 elementor-invisible elementor-widget elementor-widget-heading\" data-id=\"10e3365\" data-element_type=\"widget\" data-settings=\"{&quot;_animation&quot;:&quot;fadeInUp&quot;}\" data-widget_type=\"heading.default\">\n\t\t\t\t<div class=\"elementor-widget-container\">\n\t\t\t<h2 class=\"elementor-heading-title elementor-size-default\">Mikroalg bankas\u0131\n<\/h2>\t\t<\/div>\n\t\t\t\t<\/div>\n\t\t\t\t<div class=\"elementor-element elementor-element-4d9d456 elementor-invisible elementor-widget elementor-widget-text-editor\" data-id=\"4d9d456\" data-element_type=\"widget\" data-settings=\"{&quot;_animation&quot;:&quot;fadeInUp&quot;}\" data-widget_type=\"text-editor.default\">\n\t\t\t\t<div class=\"elementor-widget-container\">\n\t\t\t\t\t\t\t<p>Binlerce mikroalg t\u00fcr\u00fc vard\u0131r ve bunlar birbirlerinden \u00e7ok farkl\u0131d\u0131r. Fizyolojik \u00f6zellikler, habitat, b\u00fcy\u00fcme h\u0131z\u0131 ve makromolek\u00fcler bile\u015fenler alglerden alglere de\u011fi\u015fir.<\/p><p>\u00c7ok say\u0131da alg su\u015funu y\u00f6netiyoruz. Do\u011fadan izole edilen vah\u015fi tip su\u015flar\u0131n yan\u0131 s\u0131ra, Bo\u011fazi\u00e7i \u00dcniversitesi'nde y\u00fcr\u00fct\u00fclen ara\u015ft\u0131rma deneylerinden ve kendi kurum i\u00e7i deneylerimizden \u00f6zel su\u015flar da elde ettik. Bu su\u015flar bizim geni\u015f \"alg k\u00fct\u00fcphanemizi\" olu\u015fturuyor.  Hedeflenen ama\u00e7lar i\u00e7in alg su\u015flar\u0131n\u0131 kontrol ediyor ve yeti\u015ftiriyoruz.<\/p><p>Buna ek olarak, sadece \u015firketimizde bulunan benzersiz ve son derece gizli i\u00e7 t\u00fcrlerimiz var.<\/p><p>T\u0131pk\u0131 di\u011fer tar\u0131m \u00fcr\u00fcnleri gibi, deniz yosunu da hayvanc\u0131l\u0131k yoluyla yeti\u015ftirilebilir; Mikroalglerin \u00e7o\u011fu tek h\u00fccrelidir ve h\u00fccre b\u00f6l\u00fcnmesi i\u00e7in g\u00fcnde sadece birka\u00e7 saat gerekir.<\/p>\t\t\t\t\t\t<\/div>\n\t\t\t\t<\/div>\n\t\t\t\t<div class=\"elementor-element elementor-element-0af204a elementor-widget elementor-widget-image\" data-id=\"0af204a\" data-element_type=\"widget\" data-widget_type=\"image.default\">\n\t\t\t\t<div class=\"elementor-widget-container\">\n\t\t\t\t\t\t\t\t\t\t\t\t\t<img fetchpriority=\"high\" decoding=\"async\" width=\"514\" height=\"289\" src=\"https:\/\/microalgaex.com\/wp-content\/uploads\/2024\/02\/Picture3.jpg\" class=\"attachment-large size-large wp-image-1049\" alt=\"\" srcset=\"https:\/\/microalgaex.com\/wp-content\/uploads\/2024\/02\/Picture3.jpg 514w, https:\/\/microalgaex.com\/wp-content\/uploads\/2024\/02\/Picture3-300x169.jpg 300w, https:\/\/microalgaex.com\/wp-content\/uploads\/2024\/02\/Picture3-18x10.jpg 18w\" sizes=\"(max-width: 514px) 100vw, 514px\" \/>\t\t\t\t\t\t\t\t\t\t\t\t\t<\/div>\n\t\t\t\t<\/div>\n\t\t\t\t\t<\/div>\n\t\t<\/div>\n\t\t\t\t\t<\/div>\n\t\t<\/section>\n\t\t\t\t<section class=\"elementor-section elementor-top-section elementor-element elementor-element-405d303 elementor-section-boxed elementor-section-height-default elementor-section-height-default\" data-id=\"405d303\" data-element_type=\"section\" data-settings=\"{&quot;background_background&quot;:&quot;classic&quot;}\">\n\t\t\t\t\t\t<div class=\"elementor-container elementor-column-gap-default\">\n\t\t\t\t\t<div class=\"elementor-column elementor-col-100 elementor-top-column elementor-element elementor-element-8a05843\" data-id=\"8a05843\" data-element_type=\"column\" data-settings=\"{&quot;background_background&quot;:&quot;classic&quot;}\">\n\t\t\t<div class=\"elementor-widget-wrap elementor-element-populated\">\n\t\t\t\t\t<div class=\"elementor-background-overlay\"><\/div>\n\t\t\t\t\t\t<div class=\"elementor-element elementor-element-29594fc elementor-invisible elementor-widget elementor-widget-heading\" data-id=\"29594fc\" data-element_type=\"widget\" data-settings=\"{&quot;_animation&quot;:&quot;fadeInUp&quot;}\" data-widget_type=\"heading.default\">\n\t\t\t\t<div class=\"elementor-widget-container\">\n\t\t\t<h2 class=\"elementor-heading-title elementor-size-default\">MicroAlgaex ile \u0130leti\u015fime Ge\u00e7in<\/h2>\t\t<\/div>\n\t\t\t\t<\/div>\n\t\t\t\t<div class=\"elementor-element elementor-element-1c2c7f7 elementor-invisible elementor-widget elementor-widget-text-editor\" data-id=\"1c2c7f7\" data-element_type=\"widget\" data-settings=\"{&quot;_animation&quot;:&quot;fadeInUp&quot;}\" data-widget_type=\"text-editor.default\">\n\t\t\t\t<div class=\"elementor-widget-container\">\n\t\t\t\t\t\t\t<p>Sizden haber almak isteriz! Herhangi bir sorunuz, \u00f6neriniz varsa veya yosun bazl\u0131 biyostim\u00fclanlar\u0131m\u0131z hakk\u0131nda daha fazla bilgi edinmek istiyorsan\u0131z, l\u00fctfen bize ula\u015fmaktan \u00e7ekinmeyin.<\/p>\t\t\t\t\t\t<\/div>\n\t\t\t\t<\/div>\n\t\t\t\t<div class=\"elementor-element elementor-element-9ee2df5 elementor-align-center elementor-invisible elementor-widget elementor-widget-button\" data-id=\"9ee2df5\" data-element_type=\"widget\" data-settings=\"{&quot;_animation&quot;:&quot;fadeInUp&quot;}\" data-widget_type=\"button.default\">\n\t\t\t\t<div class=\"elementor-widget-container\">\n\t\t\t\t\t<div class=\"elementor-button-wrapper\">\n\t\t\t<a class=\"elementor-button elementor-button-link elementor-size-sm\" href=\"https:\/\/microalgaex.com\/tr\/contact\/\">\n\t\t\t\t\t\t<span class=\"elementor-button-content-wrapper\">\n\t\t\t\t\t\t\t\t\t<span class=\"elementor-button-text\">\u015eimdi Bize Ula\u015f\u0131n<\/span>\n\t\t\t\t\t<\/span>\n\t\t\t\t\t<\/a>\n\t\t<\/div>\n\t\t\t\t<\/div>\n\t\t\t\t<\/div>\n\t\t\t\t\t<\/div>\n\t\t<\/div>\n\t\t\t\t\t<\/div>\n\t\t<\/section>\n\t\t\t\t<\/div>","protected":false},"excerpt":{"rendered":"<p>Mikroalg Bankas\u0131 Hedeflenen ama\u00e7lar i\u00e7in alg t\u00fcrlerini kontrol ediyor ve yeti\u015ftiriyoruz. https:\/\/microalgaex.com\/wp-content\/uploads\/2024\/02\/video-bolle-2.mp4 \u00d6zel Alg Ar\u015fivi Mikroalg Bankas\u0131 Binlerce mikroalg t\u00fcr\u00fc vard\u0131r ve bunlar birbirlerinden \u00e7ok farkl\u0131d\u0131r. Fizyolojik \u00f6zellikler, habitat, b\u00fcy\u00fcme h\u0131z\u0131 ve makromolek\u00fcler bile\u015fenler alglerden alglere de\u011fi\u015fir. \u00c7ok say\u0131da alg t\u00fcr\u00fcn\u00fc y\u00f6netiyoruz. \u0130\u00e7inde [...]<\/p>","protected":false},"author":1,"featured_media":0,"parent":0,"menu_order":0,"comment_status":"closed","ping_status":"closed","template":"elementor_header_footer","meta":{"footnotes":""},"class_list":["post-1130","page","type-page","status-publish","hentry"],"yoast_head":"<!-- This site is optimized with the Yoast SEO Premium plugin v18.4 (Yoast SEO v23.6) - https:\/\/yoast.com\/wordpress\/plugins\/seo\/ -->\n<title>Microalgae Bank - Microalgaex<\/title>\n<meta name=\"robots\" content=\"index, follow, max-snippet:-1, max-image-preview:large, max-video-preview:-1\" \/>\n<link rel=\"canonical\" href=\"https:\/\/microalgaex.com\/tr\/microalgae-bank\/\" \/>\n<meta property=\"og:locale\" content=\"tr_TR\" \/>\n<meta property=\"og:type\" content=\"article\" \/>\n<meta property=\"og:title\" content=\"Microalgae Bank\" \/>\n<meta property=\"og:description\" content=\"Microalgae Bank We control and grow algae strains for targeted purposes. https:\/\/microalgaex.com\/wp-content\/uploads\/2024\/02\/video-bolle-2.mp4 Exclusive Algae Archive The microalgae bank There are thousands of types of microalgae, and they are very different from each other. Physiological properties, habitat, growth rate, and macromolecular components vary from algae to algae. We manage a large number of algae strains. In [&hellip;]\" \/>\n<meta property=\"og:url\" content=\"https:\/\/microalgaex.com\/tr\/microalgae-bank\/\" \/>\n<meta property=\"og:site_name\" content=\"Microalgaex\" \/>\n<meta property=\"article:modified_time\" content=\"2024-02-15T14:21:47+00:00\" \/>\n<meta property=\"og:image\" content=\"https:\/\/microalgaex.com\/wp-content\/uploads\/2024\/02\/Picture3.jpg\" \/>\n<meta name=\"twitter:card\" content=\"summary_large_image\" \/>\n<meta name=\"twitter:label1\" content=\"Tahmini okuma s\u00fcresi\" \/>\n\t<meta name=\"twitter:data1\" content=\"1 dakika\" \/>\n<script type=\"application\/ld+json\" class=\"yoast-schema-graph\">{\"@context\":\"https:\/\/schema.org\",\"@graph\":[{\"@type\":\"WebPage\",\"@id\":\"https:\/\/microalgaex.com\/microalgae-bank\/\",\"url\":\"https:\/\/microalgaex.com\/microalgae-bank\/\",\"name\":\"Microalgae Bank - Microalgaex\",\"isPartOf\":{\"@id\":\"https:\/\/microalgaex.com\/#website\"},\"primaryImageOfPage\":{\"@id\":\"https:\/\/microalgaex.com\/microalgae-bank\/#primaryimage\"},\"image\":{\"@id\":\"https:\/\/microalgaex.com\/microalgae-bank\/#primaryimage\"},\"thumbnailUrl\":\"https:\/\/microalgaex.com\/wp-content\/uploads\/2024\/02\/Picture3.jpg\",\"datePublished\":\"2024-02-15T14:14:11+00:00\",\"dateModified\":\"2024-02-15T14:21:47+00:00\",\"breadcrumb\":{\"@id\":\"https:\/\/microalgaex.com\/microalgae-bank\/#breadcrumb\"},\"inLanguage\":\"tr\",\"potentialAction\":[{\"@type\":\"ReadAction\",\"target\":[\"https:\/\/microalgaex.com\/microalgae-bank\/\"]}]},{\"@type\":\"ImageObject\",\"inLanguage\":\"tr\",\"@id\":\"https:\/\/microalgaex.com\/microalgae-bank\/#primaryimage\",\"url\":\"https:\/\/microalgaex.com\/wp-content\/uploads\/2024\/02\/Picture3.jpg\",\"contentUrl\":\"https:\/\/microalgaex.com\/wp-content\/uploads\/2024\/02\/Picture3.jpg\"},{\"@type\":\"BreadcrumbList\",\"@id\":\"https:\/\/microalgaex.com\/microalgae-bank\/#breadcrumb\",\"itemListElement\":[{\"@type\":\"ListItem\",\"position\":1,\"name\":\"Home\",\"item\":\"https:\/\/microalgaex.com\/\"},{\"@type\":\"ListItem\",\"position\":2,\"name\":\"Microalgae Bank\"}]},{\"@type\":\"WebSite\",\"@id\":\"https:\/\/microalgaex.com\/#website\",\"url\":\"https:\/\/microalgaex.com\/\",\"name\":\"Microalgaex\",\"description\":\"\",\"potentialAction\":[{\"@type\":\"SearchAction\",\"target\":{\"@type\":\"EntryPoint\",\"urlTemplate\":\"https:\/\/microalgaex.com\/?s={search_term_string}\"},\"query-input\":{\"@type\":\"PropertyValueSpecification\",\"valueRequired\":true,\"valueName\":\"search_term_string\"}}],\"inLanguage\":\"tr\"}]}<\/script>\n<!-- \/ Yoast SEO Premium plugin. -->","yoast_head_json":{"title":"Microalgae Bank - Microalgaex","robots":{"index":"index","follow":"follow","max-snippet":"max-snippet:-1","max-image-preview":"max-image-preview:large","max-video-preview":"max-video-preview:-1"},"canonical":"https:\/\/microalgaex.com\/tr\/microalgae-bank\/","og_locale":"tr_TR","og_type":"article","og_title":"Microalgae Bank","og_description":"Microalgae Bank We control and grow algae strains for targeted purposes. https:\/\/microalgaex.com\/wp-content\/uploads\/2024\/02\/video-bolle-2.mp4 Exclusive Algae Archive The microalgae bank There are thousands of types of microalgae, and they are very different from each other. Physiological properties, habitat, growth rate, and macromolecular components vary from algae to algae. We manage a large number of algae strains. In [&hellip;]","og_url":"https:\/\/microalgaex.com\/tr\/microalgae-bank\/","og_site_name":"Microalgaex","article_modified_time":"2024-02-15T14:21:47+00:00","og_image":[{"url":"https:\/\/microalgaex.com\/wp-content\/uploads\/2024\/02\/Picture3.jpg"}],"twitter_card":"summary_large_image","twitter_misc":{"Tahmini okuma s\u00fcresi":"1 dakika"},"schema":{"@context":"https:\/\/schema.org","@graph":[{"@type":"WebPage","@id":"https:\/\/microalgaex.com\/microalgae-bank\/","url":"https:\/\/microalgaex.com\/microalgae-bank\/","name":"Microalgae Bank - Microalgaex","isPartOf":{"@id":"https:\/\/microalgaex.com\/#website"},"primaryImageOfPage":{"@id":"https:\/\/microalgaex.com\/microalgae-bank\/#primaryimage"},"image":{"@id":"https:\/\/microalgaex.com\/microalgae-bank\/#primaryimage"},"thumbnailUrl":"https:\/\/microalgaex.com\/wp-content\/uploads\/2024\/02\/Picture3.jpg","datePublished":"2024-02-15T14:14:11+00:00","dateModified":"2024-02-15T14:21:47+00:00","breadcrumb":{"@id":"https:\/\/microalgaex.com\/microalgae-bank\/#breadcrumb"},"inLanguage":"tr","potentialAction":[{"@type":"ReadAction","target":["https:\/\/microalgaex.com\/microalgae-bank\/"]}]},{"@type":"ImageObject","inLanguage":"tr","@id":"https:\/\/microalgaex.com\/microalgae-bank\/#primaryimage","url":"https:\/\/microalgaex.com\/wp-content\/uploads\/2024\/02\/Picture3.jpg","contentUrl":"https:\/\/microalgaex.com\/wp-content\/uploads\/2024\/02\/Picture3.jpg"},{"@type":"BreadcrumbList","@id":"https:\/\/microalgaex.com\/microalgae-bank\/#breadcrumb","itemListElement":[{"@type":"ListItem","position":1,"name":"Home","item":"https:\/\/microalgaex.com\/"},{"@type":"ListItem","position":2,"name":"Microalgae Bank"}]},{"@type":"WebSite","@id":"https:\/\/microalgaex.com\/#website","url":"https:\/\/microalgaex.com\/","name":"Microalgaex","description":"","potentialAction":[{"@type":"SearchAction","target":{"@type":"EntryPoint","urlTemplate":"https:\/\/microalgaex.com\/?s={search_term_string}"},"query-input":{"@type":"PropertyValueSpecification","valueRequired":true,"valueName":"search_term_string"}}],"inLanguage":"tr"}]}},"_links":{"self":[{"href":"https:\/\/microalgaex.com\/tr\/wp-json\/wp\/v2\/pages\/1130","targetHints":{"allow":["GET"]}}],"collection":[{"href":"https:\/\/microalgaex.com\/tr\/wp-json\/wp\/v2\/pages"}],"about":[{"href":"https:\/\/microalgaex.com\/tr\/wp-json\/wp\/v2\/types\/page"}],"author":[{"embeddable":true,"href":"https:\/\/microalgaex.com\/tr\/wp-json\/wp\/v2\/users\/1"}],"replies":[{"embeddable":true,"href":"https:\/\/microalgaex.com\/tr\/wp-json\/wp\/v2\/comments?post=1130"}],"version-history":[{"count":4,"href":"https:\/\/microalgaex.com\/tr\/wp-json\/wp\/v2\/pages\/1130\/revisions"}],"predecessor-version":[{"id":1136,"href":"https:\/\/microalgaex.com\/tr\/wp-json\/wp\/v2\/pages\/1130\/revisions\/1136"}],"wp:attachment":[{"href":"https:\/\/microalgaex.com\/tr\/wp-json\/wp\/v2\/media?parent=1130"}],"curies":[{"name":"wp","href":"https:\/\/api.w.org\/{rel}","templated":true}]}}